{"id":131,"date":"2024-07-15T19:23:49","date_gmt":"2024-07-16T00:23:49","guid":{"rendered":"https:\/\/fundacionlazosdefe.org\/?page_id=131"},"modified":"2025-05-22T19:57:55","modified_gmt":"2025-05-23T00:57:55","slug":"aprendizaje","status":"publish","type":"page","link":"https:\/\/fundacionlazosdefe.org\/inicio\/aprendizaje\/","title":{"rendered":"Aprendizaje"},"content":{"rendered":"<div class=\"n2-section-smartslider fitvidsignore  n2_clear\" data-ssid=\"7\" tabindex=\"0\" role=\"region\" aria-label=\"Slider\"><div id=\"n2-ss-7-align\" class=\"n2-ss-align\"><div class=\"n2-padding\"><div id=\"n2-ss-7\" data-creator=\"Smart Slider 3\" data-responsive=\"auto\" class=\"n2-ss-slider n2-ow n2-has-hover n2notransition  \">\n        <div class=\"n2-ss-slider-1 n2_ss__touch_element n2-ow\">\n            <div class=\"n2-ss-slider-2 n2-ow\">\n                                                    <div class=\"n2-ss-background-animation n2-ow\"><\/div>\n                                <div class=\"n2-ss-slider-3 n2-ow\">\n\n                    <div class=\"n2-ss-slide-backgrounds n2-ow-all\"><div class=\"n2-ss-slide-background\" data-public-id=\"1\" data-mode=\"fill\"><div class=\"n2-ss-slide-background-image\" data-blur=\"0\" data-opacity=\"100\" data-x=\"51\" data-y=\"28\" data-alt=\"\" data-title=\"\" style=\"--ss-o-pos-x:51%;--ss-o-pos-y:28%\"><picture class=\"skip-lazy\" data-skip-lazy=\"1\"><img decoding=\"async\" src=\"\/\/fundacionlazosdefe.org\/wp-content\/uploads\/2025\/03\/RMWRecurso-58-1.png\" alt=\"\" title=\"\" loading=\"lazy\" class=\"skip-lazy\" data-skip-lazy=\"1\"><\/picture><\/div><div data-color=\"RGBA(255,255,255,0)\" style=\"background-color: RGBA(255,255,255,0);\" class=\"n2-ss-slide-background-color\"><\/div><\/div><\/div>                    <div class=\"n2-ss-slider-4 n2-ow\">\n                        <svg xmlns=\"http:\/\/www.w3.org\/2000\/svg\" viewBox=\"0 0 1200 600\" data-related-device=\"desktopPortrait\" class=\"n2-ow n2-ss-preserve-size n2-ss-preserve-size--slider n2-ss-slide-limiter\"><\/svg><div data-first=\"1\" data-slide-duration=\"0\" data-id=\"15\" data-slide-public-id=\"1\" data-title=\"Slide 1\" class=\"n2-ss-slide n2-ow  n2-ss-slide-15\"><div role=\"note\" class=\"n2-ss-slide--focus\" tabindex=\"-1\">Slide 1<\/div><div class=\"n2-ss-layers-container n2-ss-slide-limiter n2-ow\"><div class=\"n2-ss-layer n2-ow n-uc-V4p486j14UwX\" data-sstype=\"slide\" data-pm=\"default\"><div class=\"n2-ss-layer n2-ow n-uc-QoIrHVNPh27o\" data-pm=\"default\" data-sstype=\"content\" data-hasbackground=\"0\"><div class=\"n2-ss-section-main-content n2-ss-layer-with-background n2-ss-layer-content n2-ow n-uc-QoIrHVNPh27o-inner\"><div class=\"n2-ss-layer n2-ow n2-ss-layer--block n2-ss-has-self-align n-uc-8qOFavZshLgD\" data-pm=\"normal\" data-sstype=\"row\"><div class=\"n2-ss-layer-row n2-ss-layer-with-background n-uc-8qOFavZshLgD-inner\"><div class=\"n2-ss-layer-row-inner \"><div class=\"n2-ss-layer n2-ow n-uc-o2b51c8NjZEo\" data-pm=\"default\" data-sstype=\"col\"><div class=\"n2-ss-layer-col n2-ss-layer-with-background n2-ss-layer-content n-uc-o2b51c8NjZEo-inner\"><div class=\"n2-ss-layer n2-ow n-uc-syOBULtYo5hs\" data-pm=\"normal\" data-sstype=\"layer\"><h1 id=\"n2-ss-7item1\" class=\"n2-font-d8e7687f59c240974f6b5506702fd1e1-hover   n2-ss-item-content n2-ss-text n2-ow\" style=\"display:block;\">Tu bienestar comienza aqu\u00ed<\/h1><\/div><div class=\"n2-ss-layer n2-ow n-uc-A5iNQIAAIZdI\" data-pm=\"normal\" data-sstype=\"layer\"><div class=\"n2-ss-item-content n2-ss-text n2-ow-all\"><div class=\"\"><p class=\"n2-font-e643fe0dc4e9f4fbaeef09e29350f07e-paragraph   \">Explora conceptos clave, videos educativos y m\u00e1s. Todo lo que necesitas para entender y cuidar tu salud.<\/p>\n<\/div><\/div><\/div><\/div><\/div><\/div><\/div><\/div><\/div><\/div><\/div><\/div><\/div>                    <\/div>\n\n                                    <\/div>\n            <\/div>\n        <\/div>\n        <\/div><ss3-loader><\/ss3-loader><\/div><\/div><div class=\"n2_clear\"><\/div><\/div>\n\n\n<div class=\"wp-block-cover is-light\" style=\"min-height:242px;aspect-ratio:unset;\"><img loading=\"lazy\" decoding=\"async\" width=\"4196\" height=\"1524\" class=\"wp-block-cover__image-background wp-image-847\" alt=\"\" src=\"https:\/\/fundacionlazosdefe.org\/wp-content\/uploads\/2025\/03\/RMWRecurso-62-Ampliado.png\" data-object-fit=\"cover\" srcset=\"https:\/\/fundacionlazosdefe.org\/wp-content\/uploads\/2025\/03\/RMWRecurso-62-Ampliado.png 4196w, https:\/\/fundacionlazosdefe.org\/wp-content\/uploads\/2025\/03\/RMWRecurso-62-Ampliado-300x109.png 300w, https:\/\/fundacionlazosdefe.org\/wp-content\/uploads\/2025\/03\/RMWRecurso-62-Ampliado-1024x372.png 1024w, https:\/\/fundacionlazosdefe.org\/wp-content\/uploads\/2025\/03\/RMWRecurso-62-Ampliado-768x279.png 768w, https:\/\/fundacionlazosdefe.org\/wp-content\/uploads\/2025\/03\/RMWRecurso-62-Ampliado-1536x558.png 1536w, https:\/\/fundacionlazosdefe.org\/wp-content\/uploads\/2025\/03\/RMWRecurso-62-Ampliado-2048x744.png 2048w\" sizes=\"auto, (max-width: 4196px) 100vw, 4196px\" \/><span aria-hidden=\"true\" class=\"wp-block-cover__background has-background-dim-0 has-background-dim\" style=\"background-color:#6ccfc4\"><\/span><div class=\"wp-block-cover__inner-container is-layout-flow wp-block-cover-is-layout-flow\">\n<section class=\"grupo-cuidar\">\n    <div class=\"contenido-grupo-cuidar\">\n        <h2>Cuidar tus ri\u00f1ones, cuidar tu vida<\/h2>\n        <p>\n            Descubre los conceptos fundamentales sobre la salud renal. \n            Aprende por qu\u00e9 tus ri\u00f1ones son esenciales para tu bienestar \n            y qu\u00e9 pasos puedes tomar para mantenerlos sanos.\n        <\/p>\n    <\/div>\n<\/section>\n<\/div><\/div>\n\n\n\n<div class=\"wp-block-cover is-light\" style=\"min-height:242px;aspect-ratio:unset;\"><img loading=\"lazy\" decoding=\"async\" width=\"1179\" height=\"956\" class=\"wp-block-cover__image-background wp-image-298\" alt=\"\" src=\"https:\/\/fundacionlazosdefe.org\/wp-content\/uploads\/2024\/07\/Recurso-16-1.png\" data-object-fit=\"cover\" srcset=\"https:\/\/fundacionlazosdefe.org\/wp-content\/uploads\/2024\/07\/Recurso-16-1.png 1179w, https:\/\/fundacionlazosdefe.org\/wp-content\/uploads\/2024\/07\/Recurso-16-1-300x243.png 300w, https:\/\/fundacionlazosdefe.org\/wp-content\/uploads\/2024\/07\/Recurso-16-1-1024x830.png 1024w, https:\/\/fundacionlazosdefe.org\/wp-content\/uploads\/2024\/07\/Recurso-16-1-768x623.png 768w\" sizes=\"auto, (max-width: 1179px) 100vw, 1179px\" \/><span aria-hidden=\"true\" class=\"wp-block-cover__background has-white-background-color has-background-dim-100 has-background-dim\"><\/span><div class=\"wp-block-cover__inner-container is-layout-flow wp-block-cover-is-layout-flow\">\n<div class=\"wp-block-group\"><div class=\"wp-block-group__inner-container is-layout-constrained wp-block-group-is-layout-constrained\"><div class=\"wp-block-image\">\n<figure class=\"aligncenter size-thumbnail\"><img loading=\"lazy\" decoding=\"async\" width=\"150\" height=\"150\" src=\"https:\/\/fundacionlazosdefe.org\/wp-content\/uploads\/2024\/11\/RMWRecurso-37-150x150.png\" alt=\"\" class=\"wp-image-699\" srcset=\"https:\/\/fundacionlazosdefe.org\/wp-content\/uploads\/2024\/11\/RMWRecurso-37-150x150.png 150w, https:\/\/fundacionlazosdefe.org\/wp-content\/uploads\/2024\/11\/RMWRecurso-37-300x300.png 300w, https:\/\/fundacionlazosdefe.org\/wp-content\/uploads\/2024\/11\/RMWRecurso-37-1024x1024.png 1024w, https:\/\/fundacionlazosdefe.org\/wp-content\/uploads\/2024\/11\/RMWRecurso-37-768x768.png 768w, https:\/\/fundacionlazosdefe.org\/wp-content\/uploads\/2024\/11\/RMWRecurso-37-1536x1536.png 1536w, https:\/\/fundacionlazosdefe.org\/wp-content\/uploads\/2024\/11\/RMWRecurso-37-400x400.png 400w, https:\/\/fundacionlazosdefe.org\/wp-content\/uploads\/2024\/11\/RMWRecurso-37-512x512.png 512w, https:\/\/fundacionlazosdefe.org\/wp-content\/uploads\/2024\/11\/RMWRecurso-37.png 2000w\" sizes=\"auto, (max-width: 150px) 100vw, 150px\" \/><\/figure>\n<\/div>\n\n\n<p class=\"has-text-align-center has-text-color has-link-color wp-elements-046c788a3aef3ed5cdc1ca6183b0e344\" style=\"color:#24bfb0;font-size:50px;font-style:normal;font-weight:700\">Profesionales<\/p>\n\n\n\n<p class=\"has-text-align-center has-text-color has-link-color has-x-large-font-size wp-elements-16ba9986b7dabda41178d5b6266bfac7\" style=\"color:#24bfb0;font-style:normal;font-weight:700\">Expertos que te acompa\u00f1an<\/p>\n\n\n\n<section id=\"profesionales\" class=\"conoce-seccion\">\n    <div class=\"conoce-texto\">\n        <p>Nuestro equipo est\u00e1 compuesto por profesionales de diversas disciplinas comprometidos con tu bienestar. Conoce a los especialistas que trabajan para mejorar la calidad de vida de los pacientes.<\/p>\n    <\/div>\n<\/section>\n\n\n\n<div class=\"profesionales-doc\">\n\n    <div class=\"profesionales-doc-perfil\">\n        <div class=\"profesionales-doc-perfil-imagen\">\n            <img decoding=\"async\" src=\"https:\/\/fundacionlazosdefe.org\/wp-content\/uploads\/2025\/04\/Karen-Viiviana-Mora-e1747524108521.png\" alt=\"Karen Viviana Mora\">\n        <\/div>\n        <div class=\"profesionales-doc-informacion\">\n            <h2>Karen Viviana Mora<\/h2>\n            <h3>Terapeuta Ocupacional<\/h3>\n            <p class=\"cita\"><em>\u201cLa rehabilitaci\u00f3n no es solo recuperar movimiento, es tambi\u00e9n recuperar esperanza.\u201d<\/em><\/p>\n        <\/div>\n    <\/div>\n\n<div class=\"profesionales-doc-perfil\">\n        <div class=\"profesionales-doc-perfil-imagen\">\n            <img decoding=\"async\" src=\"https:\/\/fundacionlazosdefe.org\/wp-content\/uploads\/2025\/04\/FonoAudiologa-e1747523925792.jpg\" alt=\"Magaly Nayiber Oliveros\">\n        <\/div>\n        <div class=\"profesionales-doc-informacion\">\n            <h2>Magaly Nayiber Oliveros<\/h2>\n            <h3>Fonoaudi\u00f3loga<\/h3>\n            <p class=\"cita\"><em>\u201cLa esperanza tambi\u00e9n se escucha&#8230; y se siente en el cuidado diario.\u201d<\/em><\/p>\n        <\/div>\n    <\/div>\n\n\n<div class=\"profesionales-doc-perfil\">\n        <div class=\"profesionales-doc-perfil-imagen\">\n            <img decoding=\"async\" src=\"https:\/\/fundacionlazosdefe.org\/wp-content\/uploads\/2025\/05\/Psicologa-e1747523868663.jpg\" alt=\"M\u00f3nica Echeverry\">\n        <\/div>\n        <div class=\"profesionales-doc-informacion\">\n            <h2>M\u00f3nica Echeverry<\/h2>\n            <h3>Psic\u00f3loga Cl\u00ednica<\/h3>\n            <p class=\"cita\"><em>\u201cLa carga emocional pesa menos cuando no se lleva sola.\u201d<\/em><\/p>\n        <\/div>\n    <\/div>\n\n<\/div>\n<\/div><\/div>\n<\/div><\/div>\n\n\n\n<div class=\"wp-block-cover is-light\" style=\"min-height:242px;aspect-ratio:unset;\"><img loading=\"lazy\" decoding=\"async\" width=\"1179\" height=\"956\" class=\"wp-block-cover__image-background wp-image-298\" alt=\"\" src=\"https:\/\/fundacionlazosdefe.org\/wp-content\/uploads\/2024\/07\/Recurso-16-1.png\" data-object-fit=\"cover\" srcset=\"https:\/\/fundacionlazosdefe.org\/wp-content\/uploads\/2024\/07\/Recurso-16-1.png 1179w, https:\/\/fundacionlazosdefe.org\/wp-content\/uploads\/2024\/07\/Recurso-16-1-300x243.png 300w, https:\/\/fundacionlazosdefe.org\/wp-content\/uploads\/2024\/07\/Recurso-16-1-1024x830.png 1024w, https:\/\/fundacionlazosdefe.org\/wp-content\/uploads\/2024\/07\/Recurso-16-1-768x623.png 768w\" sizes=\"auto, (max-width: 1179px) 100vw, 1179px\" \/><span aria-hidden=\"true\" class=\"wp-block-cover__background has-white-background-color has-background-dim-100 has-background-dim\"><\/span><div class=\"wp-block-cover__inner-container is-layout-flow wp-block-cover-is-layout-flow\">\n<div class=\"wp-block-group\"><div class=\"wp-block-group__inner-container is-layout-constrained wp-block-group-is-layout-constrained\"><div class=\"wp-block-image\">\n<figure class=\"aligncenter size-thumbnail\"><img loading=\"lazy\" decoding=\"async\" width=\"150\" height=\"150\" src=\"https:\/\/fundacionlazosdefe.org\/wp-content\/uploads\/2024\/11\/RMWRecurso-38-150x150.png\" alt=\"\" class=\"wp-image-700\" srcset=\"https:\/\/fundacionlazosdefe.org\/wp-content\/uploads\/2024\/11\/RMWRecurso-38-150x150.png 150w, https:\/\/fundacionlazosdefe.org\/wp-content\/uploads\/2024\/11\/RMWRecurso-38-300x300.png 300w, https:\/\/fundacionlazosdefe.org\/wp-content\/uploads\/2024\/11\/RMWRecurso-38-1024x1024.png 1024w, https:\/\/fundacionlazosdefe.org\/wp-content\/uploads\/2024\/11\/RMWRecurso-38-768x768.png 768w, https:\/\/fundacionlazosdefe.org\/wp-content\/uploads\/2024\/11\/RMWRecurso-38-1536x1536.png 1536w, https:\/\/fundacionlazosdefe.org\/wp-content\/uploads\/2024\/11\/RMWRecurso-38-400x400.png 400w, https:\/\/fundacionlazosdefe.org\/wp-content\/uploads\/2024\/11\/RMWRecurso-38-512x512.png 512w, https:\/\/fundacionlazosdefe.org\/wp-content\/uploads\/2024\/11\/RMWRecurso-38.png 2000w\" sizes=\"auto, (max-width: 150px) 100vw, 150px\" \/><\/figure>\n<\/div>\n\n\n<p class=\"has-text-align-center has-text-color has-link-color wp-elements-e1e0680b1c64ed38c31554da713d1e65\" style=\"color:#48cad9;font-size:55px;font-style:normal;font-weight:700\">Aprende a trav\u00e9s de videos<\/p>\n\n\n\n<section id=\"videos\" class=\"aprender-video-seccion\">\n    <div class=\"aprender-video-texto\">\n        <p>Explora nuestra biblioteca de videos sobre enfermedades renales, m\u00e9todos de tratamiento y consejos pr\u00e1cticos para el d\u00eda a d\u00eda. Una forma visual y clara de aprender m\u00e1s sobre la salud renal.<\/p>\n    <\/div>\n<\/section>\n\n\n\n<figure class=\"wp-block-embed is-type-video is-provider-youtube wp-block-embed-youtube wp-embed-aspect-16-9 wp-has-aspect-ratio aprender-video-personalizado\"><div class=\"wp-block-embed__wrapper\">\n<iframe loading=\"lazy\" title=\"Trasplante de Ri\u00f1\u00f3n \u00bfQu\u00e9 es?\" width=\"885\" height=\"498\" src=\"https:\/\/www.youtube.com\/embed\/S5qHNltndeg?feature=oembed\" frameborder=\"0\" allow=\"accelerometer; autoplay; clipboard-write; encrypted-media; gyroscope; picture-in-picture; web-share\" referrerpolicy=\"strict-origin-when-cross-origin\" allowfullscreen><\/iframe>\n<\/div><\/figure>\n<\/div><\/div>\n<\/div><\/div>\n\n\n\n<div class=\"wp-block-cover is-light\" style=\"min-height:242px;aspect-ratio:unset;\"><img loading=\"lazy\" decoding=\"async\" width=\"1179\" height=\"956\" class=\"wp-block-cover__image-background wp-image-298\" alt=\"\" src=\"https:\/\/fundacionlazosdefe.org\/wp-content\/uploads\/2024\/07\/Recurso-16-1.png\" data-object-fit=\"cover\" srcset=\"https:\/\/fundacionlazosdefe.org\/wp-content\/uploads\/2024\/07\/Recurso-16-1.png 1179w, https:\/\/fundacionlazosdefe.org\/wp-content\/uploads\/2024\/07\/Recurso-16-1-300x243.png 300w, https:\/\/fundacionlazosdefe.org\/wp-content\/uploads\/2024\/07\/Recurso-16-1-1024x830.png 1024w, https:\/\/fundacionlazosdefe.org\/wp-content\/uploads\/2024\/07\/Recurso-16-1-768x623.png 768w\" sizes=\"auto, (max-width: 1179px) 100vw, 1179px\" \/><span aria-hidden=\"true\" class=\"wp-block-cover__background has-white-background-color has-background-dim-100 has-background-dim\"><\/span><div class=\"wp-block-cover__inner-container is-layout-flow wp-block-cover-is-layout-flow\">\n<div class=\"wp-block-group\"><div class=\"wp-block-group__inner-container is-layout-constrained wp-block-group-is-layout-constrained\"><div class=\"wp-block-image\">\n<figure class=\"aligncenter size-thumbnail\"><img loading=\"lazy\" decoding=\"async\" width=\"150\" height=\"150\" src=\"https:\/\/fundacionlazosdefe.org\/wp-content\/uploads\/2024\/11\/RMWRecurso-36-150x150.png\" alt=\"\" class=\"wp-image-698\" srcset=\"https:\/\/fundacionlazosdefe.org\/wp-content\/uploads\/2024\/11\/RMWRecurso-36-150x150.png 150w, https:\/\/fundacionlazosdefe.org\/wp-content\/uploads\/2024\/11\/RMWRecurso-36-300x300.png 300w, https:\/\/fundacionlazosdefe.org\/wp-content\/uploads\/2024\/11\/RMWRecurso-36-1024x1024.png 1024w, https:\/\/fundacionlazosdefe.org\/wp-content\/uploads\/2024\/11\/RMWRecurso-36-768x768.png 768w, https:\/\/fundacionlazosdefe.org\/wp-content\/uploads\/2024\/11\/RMWRecurso-36-1536x1536.png 1536w, https:\/\/fundacionlazosdefe.org\/wp-content\/uploads\/2024\/11\/RMWRecurso-36-400x400.png 400w, https:\/\/fundacionlazosdefe.org\/wp-content\/uploads\/2024\/11\/RMWRecurso-36-512x512.png 512w, https:\/\/fundacionlazosdefe.org\/wp-content\/uploads\/2024\/11\/RMWRecurso-36.png 2000w\" sizes=\"auto, (max-width: 150px) 100vw, 150px\" \/><\/figure>\n<\/div>\n\n\n<p class=\"has-text-align-center has-text-color has-link-color wp-elements-3aee4df2477bd32cc81a831ea22a3a10\" style=\"color:#414b74;font-size:55px;font-style:normal;font-weight:700\">Conoce los t\u00e9rminos clave<\/p>\n\n\n\n<section id=\"glosario\" class=\"conoce-seccion\">\n    <div class=\"conoce-texto\">\n        <p>Entender los conceptos m\u00e9dicos puede marcar la diferencia. Aqu\u00ed encontraras definiciones claras y sencillas de t\u00e9rminos relacionados con la salud renal y m\u00e1s all\u00e1.<\/p>\n    <\/div>\n<\/section>\n<\/div><\/div>\n<\/div><\/div>\n\n\n\n<div class=\"wp-block-cover is-light\" style=\"min-height:300px;aspect-ratio:unset;\"><span aria-hidden=\"true\" class=\"wp-block-cover__background has-white-background-color has-background-dim-100 has-background-dim\"><\/span><div class=\"wp-block-cover__inner-container is-layout-constrained wp-block-cover-is-layout-constrained\">\n<\/div><\/div>\n\n\n\n<div class=\"wp-block-cover is-light\" style=\"min-height:300px;aspect-ratio:unset;\"><span aria-hidden=\"true\" class=\"wp-block-cover__background has-white-background-color has-background-dim-100 has-background-dim\"><\/span><div class=\"wp-block-cover__inner-container is-layout-constrained wp-block-cover-is-layout-constrained\">\n<p class=\"has-text-align-center has-text-color has-link-color wp-elements-ff74bec255efec957d183f1ff07b7864\" style=\"color:#414b74;font-size:55px;font-style:normal;font-weight:700\">Glosario de t\u00e9rminos<\/p>\n\n\n<div id=\"modal\" style=\"display:none; position:fixed; top:0; left:0; width:100%; height:100%; background:rgba(0,0,0,0.8); z-index:1000;\">\n                    <div style=\"background:white; margin:10% auto; padding:20px; width:80%; max-width:500px; border-radius:8px; box-shadow:0 4px 8px rgba(0, 0, 0, 0.2);\">\n                        <h3 id=\"modal-title\" style=\"color:black; font-weight:bold; font-size:24px; margin-bottom:10px;\"><\/h3>\n                        <p id=\"modal-definicion\" style=\"color:black; font-weight:normal; font-size:16px;\"><\/p>\n                        <button onclick=\"closeModal()\" style=\"display:block; margin:20px auto 0; padding:8px 16px; background:#333; color:white; border:none; border-radius:4px; cursor:pointer;\">Cerrar<\/button>\n                    <\/div>\n               <\/div><ul style=\"padding: 0;\"><li style=\"margin-bottom:10px;\">\n                        <h2 style=\"color: black; font-size: 20px;\">\n                            <a href=\"#\" onclick=\"openModal('Estoma', 'Abertura creada quir\u00fargicamente para permitir el paso de l\u00edquidos o heces.'); return false;\">Estoma<\/a>\n                    <\/h2>\n                    <\/li><li style=\"margin-bottom:10px;\">\n                        <h2 style=\"color: black; font-size: 20px;\">\n                            <a href=\"#\" onclick=\"openModal('Gammagraf\u00eda', 'T\u00e9cnica de imagen que utiliza una sustancia radiactiva para examinar \u00f3rganos.'); return false;\">Gammagraf\u00eda<\/a>\n                    <\/h2>\n                    <\/li><li style=\"margin-bottom:10px;\">\n                        <h2 style=\"color: black; font-size: 20px;\">\n                            <a href=\"#\" onclick=\"openModal('Cit\u00f3loga', 'Estudio de las c\u00e9lulas para detectar enfermedades, a menudo utilizado para el diagn\u00f3stico del c\u00a0C\u00e1ncer.'); return false;\">Cit\u00f3loga<\/a>\n                    <\/h2>\n                    <\/li><li style=\"margin-bottom:10px;\">\n                        <h2 style=\"color: black; font-size: 20px;\">\n                            <a href=\"#\" onclick=\"openModal('C\u00e1ncer de p\u00e1ncreas', 'C\u00e1ncer agresivo que afecta al p\u00e1ncreas.'); return false;\">C\u00e1ncer de p\u00e1ncreas<\/a>\n                    <\/h2>\n                    <\/li><li style=\"margin-bottom:10px;\">\n                        <h2 style=\"color: black; font-size: 20px;\">\n                            <a href=\"#\" onclick=\"openModal('PET Scan', 'Tomograf\u00eda por emisi\u00f3n de positrones, una t\u00e9cnica de imagen para detectar c\u00e9lulas cancerosas activas.'); return false;\">PET Scan<\/a>\n                    <\/h2>\n                    <\/li><li style=\"margin-bottom:10px;\">\n                        <h2 style=\"color: black; font-size: 20px;\">\n                            <a href=\"#\" onclick=\"openModal('Di\u00e1lisis', 'Proceso de filtraci\u00f3n de la sangre cuando los ritones no funcionan correctamente.'); return false;\">Di\u00e1lisis<\/a>\n                    <\/h2>\n                    <\/li><li style=\"margin-bottom:10px;\">\n                        <h2 style=\"color: black; font-size: 20px;\">\n                            <a href=\"#\" onclick=\"openModal('Basalioma', 'C\u00e1ncer de c\u00e9lulas basales, un tipo com\u00fan de c\u00e1ncer de piel.'); return false;\">Basalioma<\/a>\n                    <\/h2>\n                    <\/li><li style=\"margin-bottom:10px;\">\n                        <h2 style=\"color: black; font-size: 20px;\">\n                            <a href=\"#\" onclick=\"openModal('Biomarcador', 'Sustancia en el cuerpo que indica la presencia de una enfermedad o c\u00e1ncer.'); return false;\">Biomarcador<\/a>\n                    <\/h2>\n                    <\/li><li style=\"margin-bottom:10px;\">\n                        <h2 style=\"color: black; font-size: 20px;\">\n                            <a href=\"#\" onclick=\"openModal('Leucemia', 'Tipo de c\u00e1ncer que afecta a las c\u00e9lulas sangu\u00edneas y la modula \u00f3sea.'); return false;\">Leucemia<\/a>\n                    <\/h2>\n                    <\/li><li style=\"margin-bottom:10px;\">\n                        <h2 style=\"color: black; font-size: 20px;\">\n                            <a href=\"#\" onclick=\"openModal('Micro met\u00e1stasis', 'Peque\u00f1as agrupaciones de c\u00e9lulas cancerosas que se han diseminado, pero son dif\u00edciles de detectar.'); return false;\">Micro met\u00e1stasis<\/a>\n                    <\/h2>\n                    <\/li><\/ul><script>\n                    function openModal(title, definicion) {\n                        document.getElementById(\"modal\").style.display = \"block\";\n                        document.getElementById(\"modal-title\").innerText = title;\n                        document.getElementById(\"modal-definicion\").innerText = definicion;\n                    }\n                    function closeModal() {\n                        document.getElementById(\"modal\").style.display = \"none\";\n                    }\n                <\/script>\n<\/div><\/div>\n","protected":false},"excerpt":{"rendered":"","protected":false},"author":1,"featured_media":0,"parent":0,"menu_order":0,"comment_status":"closed","ping_status":"closed","template":"","meta":{"give_campaign_id":0,"footnotes":""},"class_list":["post-131","page","type-page","status-publish","hentry","no-thumb"],"campaignId":"0","_links":{"self":[{"href":"https:\/\/fundacionlazosdefe.org\/inicio\/wp-json\/wp\/v2\/pages\/131","targetHints":{"allow":["GET"]}}],"collection":[{"href":"https:\/\/fundacionlazosdefe.org\/inicio\/wp-json\/wp\/v2\/pages"}],"about":[{"href":"https:\/\/fundacionlazosdefe.org\/inicio\/wp-json\/wp\/v2\/types\/page"}],"author":[{"embeddable":true,"href":"https:\/\/fundacionlazosdefe.org\/inicio\/wp-json\/wp\/v2\/users\/1"}],"replies":[{"embeddable":true,"href":"https:\/\/fundacionlazosdefe.org\/inicio\/wp-json\/wp\/v2\/comments?post=131"}],"version-history":[{"count":90,"href":"https:\/\/fundacionlazosdefe.org\/inicio\/wp-json\/wp\/v2\/pages\/131\/revisions"}],"predecessor-version":[{"id":1427,"href":"https:\/\/fundacionlazosdefe.org\/inicio\/wp-json\/wp\/v2\/pages\/131\/revisions\/1427"}],"wp:attachment":[{"href":"https:\/\/fundacionlazosdefe.org\/inicio\/wp-json\/wp\/v2\/media?parent=131"}],"curies":[{"name":"wp","href":"https:\/\/api.w.org\/{rel}","templated":true}]}}