{"id":126,"date":"2024-07-15T19:22:57","date_gmt":"2024-07-16T00:22:57","guid":{"rendered":"https:\/\/fundacionlazosdefe.org\/?page_id=126"},"modified":"2025-05-08T20:05:18","modified_gmt":"2025-05-09T01:05:18","slug":"historias","status":"publish","type":"page","link":"https:\/\/fundacionlazosdefe.org\/inicio\/historias\/","title":{"rendered":"Historias"},"content":{"rendered":"<div class=\"n2-section-smartslider fitvidsignore  n2_clear\" data-ssid=\"4\" tabindex=\"0\" role=\"region\" aria-label=\"Slider\"><div id=\"n2-ss-4-align\" class=\"n2-ss-align\"><div class=\"n2-padding\"><div id=\"n2-ss-4\" data-creator=\"Smart Slider 3\" data-responsive=\"auto\" class=\"n2-ss-slider n2-ow n2-has-hover n2notransition  \">\n\n\n\n\n\n\n\n\n\n<div class=\"n2-ss-slider-wrapper-inside\">\n        <div class=\"n2-ss-slider-1 n2_ss__touch_element n2-ow\">\n            <div class=\"n2-ss-slider-2 n2-ow\">\n                                                    <div class=\"n2-ss-background-animation n2-ow\"><\/div>\n                                <div class=\"n2-ss-slider-3 n2-ow\">\n\n                    <div class=\"n2-ss-slide-backgrounds n2-ow-all\"><div class=\"n2-ss-slide-background\" data-public-id=\"1\" data-mode=\"fill\"><div class=\"n2-ss-slide-background-image\" data-blur=\"0\" data-opacity=\"100\" data-x=\"51\" data-y=\"28\" data-alt=\"\" data-title=\"\" style=\"--ss-o-pos-x:51%;--ss-o-pos-y:28%\"><picture class=\"skip-lazy\" data-skip-lazy=\"1\"><img decoding=\"async\" src=\"\/\/fundacionlazosdefe.org\/wp-content\/uploads\/2024\/11\/RMWRecurso-51.png\" alt=\"\" title=\"\" loading=\"lazy\" class=\"skip-lazy\" data-skip-lazy=\"1\"><\/picture><\/div><div data-color=\"RGBA(255,255,255,0)\" style=\"background-color: RGBA(255,255,255,0);\" class=\"n2-ss-slide-background-color\"><\/div><\/div><div class=\"n2-ss-slide-background\" data-public-id=\"2\" data-mode=\"fill\" aria-hidden=\"true\"><div class=\"n2-ss-slide-background-image\" data-blur=\"0\" data-opacity=\"100\" data-x=\"50\" data-y=\"50\" data-alt=\"\" data-title=\"\"><picture class=\"skip-lazy\" data-skip-lazy=\"1\"><img decoding=\"async\" src=\"\/\/fundacionlazosdefe.org\/wp-content\/uploads\/2024\/11\/RMWRecurso-63.png\" alt=\"\" title=\"\" loading=\"lazy\" class=\"skip-lazy\" data-skip-lazy=\"1\"><\/picture><\/div><div data-color=\"RGBA(255,255,255,0)\" style=\"background-color: RGBA(255,255,255,0);\" class=\"n2-ss-slide-background-color\"><\/div><\/div><\/div>                    <div class=\"n2-ss-slider-4 n2-ow\">\n                        <svg xmlns=\"http:\/\/www.w3.org\/2000\/svg\" viewBox=\"0 0 1200 600\" data-related-device=\"desktopPortrait\" class=\"n2-ow n2-ss-preserve-size n2-ss-preserve-size--slider n2-ss-slide-limiter\"><\/svg><div data-first=\"1\" data-slide-duration=\"0\" data-id=\"9\" data-slide-public-id=\"1\" data-title=\"Slide 1\" class=\"n2-ss-slide n2-ow  n2-ss-slide-9\"><div role=\"note\" class=\"n2-ss-slide--focus\" tabindex=\"-1\">Slide 1<\/div><div class=\"n2-ss-layers-container n2-ss-slide-limiter n2-ow\"><div class=\"n2-ss-layer n2-ow n-uc-PhT9y2BrRZEW\" data-sstype=\"slide\" data-pm=\"default\"><div class=\"n2-ss-layer n2-ow n-uc-IKi0TXZHG3nV\" data-pm=\"default\" data-sstype=\"content\" data-hasbackground=\"0\"><div class=\"n2-ss-section-main-content n2-ss-layer-with-background n2-ss-layer-content n2-ow n-uc-IKi0TXZHG3nV-inner\"><div class=\"n2-ss-layer n2-ow n2-ss-layer--block n2-ss-has-self-align n-uc-u6Ac9Suq4hBe\" data-pm=\"normal\" data-sstype=\"row\"><div class=\"n2-ss-layer-row n2-ss-layer-with-background n-uc-u6Ac9Suq4hBe-inner\"><div class=\"n2-ss-layer-row-inner \"><div class=\"n2-ss-layer n2-ow n-uc-lgGsIRkKK9Ss\" data-pm=\"default\" data-sstype=\"col\"><div class=\"n2-ss-layer-col n2-ss-layer-with-background n2-ss-layer-content n-uc-lgGsIRkKK9Ss-inner\"><div class=\"n2-ss-layer n2-ow n-uc-QrfZc2c29egl\" data-pm=\"normal\" data-sstype=\"layer\"><h1 id=\"n2-ss-4item1\" class=\"n2-font-d8e7687f59c240974f6b5506702fd1e1-hover   n2-ss-item-content n2-ss-text n2-ow\" style=\"display:block;\">Historias que inspiran<\/h1><\/div><div class=\"n2-ss-layer n2-ow n-uc-GGy9TlsAAWCN\" data-pm=\"normal\" data-sstype=\"layer\"><div class=\"n2-ss-item-content n2-ss-text n2-ow-all\"><div class=\"\"><p class=\"n2-font-e643fe0dc4e9f4fbaeef09e29350f07e-paragraph   \">Conoce historias de quienes han superado obst\u00e1culos y siguen adelante.<br \/>\nDescubre el poder de la perseverancia.<\/p>\n<\/div><\/div><\/div><\/div><\/div><\/div><\/div><\/div><\/div><\/div><\/div><\/div><\/div><div data-slide-duration=\"0\" data-id=\"10\" data-slide-public-id=\"2\" aria-hidden=\"true\" data-title=\"Slide 2\" class=\"n2-ss-slide n2-ow  n2-ss-slide-10\"><div role=\"note\" class=\"n2-ss-slide--focus\" tabindex=\"-1\">Slide 2<\/div><div class=\"n2-ss-layers-container n2-ss-slide-limiter n2-ow\"><div class=\"n2-ss-layer n2-ow n-uc-HSETx8mMXVZr\" data-sstype=\"slide\" data-pm=\"default\"><div class=\"n2-ss-layer n2-ow n-uc-vySlGKclGUTZ\" data-pm=\"default\" data-sstype=\"content\" data-hasbackground=\"0\"><div class=\"n2-ss-section-main-content n2-ss-layer-with-background n2-ss-layer-content n2-ow n-uc-vySlGKclGUTZ-inner\"><div class=\"n2-ss-layer n2-ow n2-ss-layer--block n2-ss-has-self-align n-uc-h1I9aIj6kmDe\" data-pm=\"normal\" data-sstype=\"row\"><div class=\"n2-ss-layer-row n2-ss-layer-with-background n-uc-h1I9aIj6kmDe-inner\"><div class=\"n2-ss-layer-row-inner \"><div class=\"n2-ss-layer n2-ow n-uc-Xyqd97iquVDu\" data-pm=\"default\" data-sstype=\"col\"><div class=\"n2-ss-layer-col n2-ss-layer-with-background n2-ss-layer-content n-uc-Xyqd97iquVDu-inner\"><div class=\"n2-ss-layer n2-ow n-uc-6mRdVJd3xtQr\" data-pm=\"normal\" data-sstype=\"layer\"><h1 id=\"n2-ss-4item3\" class=\"n2-font-51c18e4b6ea872607788480cae8c8358-hover   n2-ss-item-content n2-ss-text n2-ow\" style=\"display:block;\">Esperanza que transforma<\/h1><\/div><div class=\"n2-ss-layer n2-ow n-uc-fpJzCMafB1Io\" data-pm=\"normal\" data-sstype=\"layer\"><div class=\"n2-ss-item-content n2-ss-text n2-ow-all\"><div class=\"\"><p class=\"n2-font-47728c8cb4e262d1beb051a7e582bde7-paragraph   \">Cada historia es una luz de esperanza. Insp\u00edrate y se parte de este cambio positivo.<\/p>\n<\/div><\/div><\/div><\/div><\/div><\/div><\/div><\/div><\/div><\/div><\/div><\/div><\/div>                    <\/div>\n\n                                    <\/div>\n            <\/div>\n        <\/div>\n        <div class=\"n2-ss-slider-controls n2-ss-slider-controls-absolute-left-center\"><div style=\"--widget-offset:10px;\" class=\"n2-ss-widget n2-ss-widget-display-hover n2-style-c65dc3560c7973fb135fd2d39eb80ee4-heading nextend-arrow n2-ow-all nextend-arrow-previous  nextend-arrow-animated-fade\" data-hide-mobileportrait=\"1\" id=\"n2-ss-4-arrow-previous\" role=\"button\" aria-label=\"previous arrow\" tabindex=\"0\"><img loading=\"lazy\" decoding=\"async\" width=\"32\" height=\"32\" class=\"n2-arrow-normal-img skip-lazy\" data-skip-lazy=\"1\" src=\"data:image\/svg+xml;base64,PHN2ZyB3aWR0aD0iMzIiIGhlaWdodD0iMzIiIHZpZXdCb3g9IjAgMCAzMiAzMiIgeG1sbnM9Imh0dHA6Ly93d3cudzMub3JnLzIwMDAvc3ZnIj4KICAgIDxwYXRoIGQ9Ik0yMS41OCAyMy41OGwtNy45NjItNy41ODMgNy44Ni03LjQ4NWMuMzItLjI2Mi41MjItLjY1LjUyMi0xLjA4M0MyMiA2LjY0IDIxLjMyOCA2IDIwLjUgNmMtLjQwMyAwLS43NjguMTUtMS4wMzguMzk4bC0uMDA0LS4wMDQtOSA4LjU3di4wMDJjLS4yODIuMjYtLjQ1OC42MjQtLjQ1OCAxLjAyOFYxNmMwIC40MDQuMTc2Ljc3LjQ2IDEuMDNoLS4wMDJsOSA4LjU3Yy4yNy4yNDcuNjM4LjQgMS4wNDIuNC44MyAwIDEuNS0uNjQgMS41LTEuNDMgMC0uMzg0LS4xNi0uNzMzLS40Mi0uOTl6IgogICAgICAgICAgZmlsbD0iIzBiNzNhOCIgb3BhY2l0eT0iMSIgZmlsbC1ydWxlPSJldmVub2RkIi8+Cjwvc3ZnPg==\" alt=\"previous arrow\"><img loading=\"lazy\" decoding=\"async\" width=\"32\" height=\"32\" class=\"n2-arrow-hover-img skip-lazy\" data-skip-lazy=\"1\" src=\"data:image\/svg+xml;base64,PHN2ZyB3aWR0aD0iMzIiIGhlaWdodD0iMzIiIHZpZXdCb3g9IjAgMCAzMiAzMiIgeG1sbnM9Imh0dHA6Ly93d3cudzMub3JnLzIwMDAvc3ZnIj4KICAgIDxwYXRoIGQ9Ik0yMS41OCAyMy41OGwtNy45NjItNy41ODMgNy44Ni03LjQ4NWMuMzItLjI2Mi41MjItLjY1LjUyMi0xLjA4M0MyMiA2LjY0IDIxLjMyOCA2IDIwLjUgNmMtLjQwMyAwLS43NjguMTUtMS4wMzguMzk4bC0uMDA0LS4wMDQtOSA4LjU3di4wMDJjLS4yODIuMjYtLjQ1OC42MjQtLjQ1OCAxLjAyOFYxNmMwIC40MDQuMTc2Ljc3LjQ2IDEuMDNoLS4wMDJsOSA4LjU3Yy4yNy4yNDcuNjM4LjQgMS4wNDIuNC44MyAwIDEuNS0uNjQgMS41LTEuNDMgMC0uMzg0LS4xNi0uNzMzLS40Mi0uOTl6IgogICAgICAgICAgZmlsbD0iI2ZmZmZmZiIgb3BhY2l0eT0iMSIgZmlsbC1ydWxlPSJldmVub2RkIi8+Cjwvc3ZnPg==\" alt=\"previous arrow\"><\/div><\/div><div class=\"n2-ss-slider-controls n2-ss-slider-controls-absolute-right-center\"><div style=\"--widget-offset:10px;\" class=\"n2-ss-widget n2-ss-widget-display-hover n2-style-c65dc3560c7973fb135fd2d39eb80ee4-heading nextend-arrow n2-ow-all nextend-arrow-next  nextend-arrow-animated-fade\" data-hide-mobileportrait=\"1\" id=\"n2-ss-4-arrow-next\" role=\"button\" aria-label=\"next arrow\" tabindex=\"0\"><img loading=\"lazy\" decoding=\"async\" width=\"32\" height=\"32\" class=\"n2-arrow-normal-img skip-lazy\" data-skip-lazy=\"1\" src=\"data:image\/svg+xml;base64,PHN2ZyB3aWR0aD0iMzIiIGhlaWdodD0iMzIiIHZpZXdCb3g9IjAgMCAzMiAzMiIgeG1sbnM9Imh0dHA6Ly93d3cudzMub3JnLzIwMDAvc3ZnIj4KICAgIDxwYXRoIGQ9Ik0yMiAxNS45OTd2LS4wMDNjMC0uNDA0LS4xNzYtLjc2OC0uNDYtMS4wMjhoLjAwMmwtOS04LjU3Mi0uMDA0LjAwNEMxMi4yNjggNi4xNSAxMS45MDIgNiAxMS41IDZjLS44MyAwLTEuNS42NC0xLjUgMS40MyAwIC40MzIuMjAzLjgyLjUyMyAxLjA4Mmw3Ljg2IDcuNDg1LTcuOTYzIDcuNTgzYy0uMjYuMjU3LS40Mi42MDYtLjQyLjk5IDAgLjc5LjY3IDEuNDMgMS41IDEuNDMuNDA0IDAgLjc3LS4xNTMgMS4wNC0uNGw5LjAwMi04LjU3di0uMDAyYy4yODItLjI2LjQ1OC0uNjI0LjQ1OC0xLjAyOHYtLjAwM3oiCiAgICAgICAgICBmaWxsPSIjMGI3M2E4IiBvcGFjaXR5PSIxIiBmaWxsLXJ1bGU9ImV2ZW5vZGQiLz4KPC9zdmc+\" alt=\"next arrow\"><img loading=\"lazy\" decoding=\"async\" width=\"32\" height=\"32\" class=\"n2-arrow-hover-img skip-lazy\" data-skip-lazy=\"1\" src=\"data:image\/svg+xml;base64,PHN2ZyB3aWR0aD0iMzIiIGhlaWdodD0iMzIiIHZpZXdCb3g9IjAgMCAzMiAzMiIgeG1sbnM9Imh0dHA6Ly93d3cudzMub3JnLzIwMDAvc3ZnIj4KICAgIDxwYXRoIGQ9Ik0yMiAxNS45OTd2LS4wMDNjMC0uNDA0LS4xNzYtLjc2OC0uNDYtMS4wMjhoLjAwMmwtOS04LjU3Mi0uMDA0LjAwNEMxMi4yNjggNi4xNSAxMS45MDIgNiAxMS41IDZjLS44MyAwLTEuNS42NC0xLjUgMS40MyAwIC40MzIuMjAzLjgyLjUyMyAxLjA4Mmw3Ljg2IDcuNDg1LTcuOTYzIDcuNTgzYy0uMjYuMjU3LS40Mi42MDYtLjQyLjk5IDAgLjc5LjY3IDEuNDMgMS41IDEuNDMuNDA0IDAgLjc3LS4xNTMgMS4wNC0uNGw5LjAwMi04LjU3di0uMDAyYy4yODItLjI2LjQ1OC0uNjI0LjQ1OC0xLjAyOHYtLjAwM3oiCiAgICAgICAgICBmaWxsPSIjZmZmZmZmIiBvcGFjaXR5PSIxIiBmaWxsLXJ1bGU9ImV2ZW5vZGQiLz4KPC9zdmc+\" alt=\"next arrow\"><\/div><\/div><div class=\"n2-ss-slider-controls n2-ss-slider-controls-absolute-center-bottom\"><div style=\"--widget-offset:10px;\" class=\"n2-ss-widget n2-ss-control-bullet n2-ow-all n2-ss-control-bullet-horizontal\"><div class=\"n2-style-540018aaa523dc91fd73a2d36259dba5-simple  nextend-bullet-bar n2-bar-justify-content-center\" role=\"group\" aria-label=\"Selecciona el slide para mostrar.\"><div class=\"n2-bullet n2-style-13db8e01048e160765b65c9fb1f05ec6-dot \" style=\"visibility:hidden;\"><\/div><\/div><\/div><\/div><\/div><\/div><ss3-loader><\/ss3-loader><\/div><\/div><div class=\"n2_clear\"><\/div><\/div>\n\n\n<div class=\"wp-block-cover is-light\" style=\"min-height:242px;aspect-ratio:unset;\"><img loading=\"lazy\" decoding=\"async\" width=\"1918\" height=\"1077\" class=\"wp-block-cover__image-background wp-image-316\" alt=\"\" src=\"https:\/\/fundacionlazosdefe.org\/wp-content\/uploads\/2024\/07\/1.-Principal-Fondo-Seccion-3.png\" style=\"object-position:0% 100%\" data-object-fit=\"cover\" data-object-position=\"0% 100%\" srcset=\"https:\/\/fundacionlazosdefe.org\/wp-content\/uploads\/2024\/07\/1.-Principal-Fondo-Seccion-3.png 1918w, https:\/\/fundacionlazosdefe.org\/wp-content\/uploads\/2024\/07\/1.-Principal-Fondo-Seccion-3-300x168.png 300w, https:\/\/fundacionlazosdefe.org\/wp-content\/uploads\/2024\/07\/1.-Principal-Fondo-Seccion-3-1024x575.png 1024w, https:\/\/fundacionlazosdefe.org\/wp-content\/uploads\/2024\/07\/1.-Principal-Fondo-Seccion-3-768x431.png 768w, https:\/\/fundacionlazosdefe.org\/wp-content\/uploads\/2024\/07\/1.-Principal-Fondo-Seccion-3-1536x862.png 1536w, https:\/\/fundacionlazosdefe.org\/wp-content\/uploads\/2024\/07\/1.-Principal-Fondo-Seccion-3-158x88.png 158w\" sizes=\"auto, (max-width: 1918px) 100vw, 1918px\" \/><span aria-hidden=\"true\" class=\"wp-block-cover__background has-background-dim-0 has-background-dim\" style=\"background-color:#6ccfc4\"><\/span><div class=\"wp-block-cover__inner-container is-layout-flow wp-block-cover-is-layout-flow\">\n<section id=\"testimonios\" class=\"historias-inicial-seccion\">\n  <div class=\"historias-inicial-contenedor\">\n    <div class=\"historias-inicial-contenido\">\n      <h2 class=\"historias-inicial-titulo\">Cambiando Vidas<\/h2>\n      \n      <div class=\"historias-inicial-texto\">\n        <p class=\"historias-inicial-parrafo\">\n          Presentamos relatos reales de personas que, con la ayuda de nuestra fundaci\u00f3n, han <strong>transformado sus vidas<\/strong>. Conoce sus trayectorias, los desaf\u00edos que han superado, y c\u00f3mo hemos trabajado juntos para mejorar su calidad de vida.\n        <\/p>\n      <\/div>\n    <\/div>\n  <\/div>\n<\/section>\n<\/div><\/div>\n\n\n\n<div class=\"wp-block-cover\" style=\"min-height:196px;aspect-ratio:unset;\"><span aria-hidden=\"true\" class=\"wp-block-cover__background has-background-dim-100 has-background-dim\" style=\"background-color:#414b74\"><\/span><div class=\"wp-block-cover__inner-container is-layout-constrained wp-block-cover-is-layout-constrained\"><div class=\"hitos-container\"><div class=\"hito-item\"><h2 class=\"hito-persona\">Lorena Esquivel<\/h2><p class=\"hito-contexto\">Tambi\u00e9n desde Purificaci\u00f3n, Tolima, Lorena enfrenta la misma lucha. Su embarazo estuvo marcado por una preeclampsia severa, y desde entonces su salud se ha deteriorado. Vive en Purificaci\u00f3n, Tolima, sin acceso a controles m\u00e9dicos adecuados y con una urgente necesidad de atenci\u00f3n especializada.<\/p><img decoding=\"async\" src=\"https:\/\/fundacionlazosdefe.org\/wp-content\/uploads\/hitos-imagenes\/1E4RO1glT7G9vAe6n3KZ09rsF6PMFjCgu.jpg\" alt=\"Tambi\u00e9n desde Purificaci\u00f3n, Tolima, Lorena enfrenta la misma lucha. Su embarazo estuvo marcado por una preeclampsia severa, y desde entonces su salud se ha deteriorado. Vive en Purificaci\u00f3n, Tolima, sin acceso a controles m\u00e9dicos adecuados y con una urgente necesidad de atenci\u00f3n especializada.\" class=\"hito-img\" \/><\/div><div class=\"hito-item\"><h2 class=\"hito-persona\">Erika Esquivel<\/h2><p class=\"hito-contexto\">A los 7 a\u00f1os, el lupus cambi\u00f3 su vida para siempre. Lleva 24 a\u00f1os en di\u00e1lisis, sufre de hipertensi\u00f3n y no puede caminar desde hace 9 a\u00f1os. Necesita seguimiento m\u00e9dico constante y orientaci\u00f3n para prevenir complicaciones y mantener su salud bajo control.<\/p><img decoding=\"async\" src=\"https:\/\/fundacionlazosdefe.org\/wp-content\/uploads\/hitos-imagenes\/1f2E2vsijir9Uthy4sXK88YsAqqdsu03B.jpg\" alt=\"A los 7 a\u00f1os, el lupus cambi\u00f3 su vida para siempre. Lleva 24 a\u00f1os en di\u00e1lisis, sufre de hipertensi\u00f3n y no puede caminar desde hace 9 a\u00f1os. Necesita seguimiento m\u00e9dico constante y orientaci\u00f3n para prevenir complicaciones y mantener su salud bajo control.\" class=\"hito-img\" \/><\/div><div class=\"hito-item\"><h2 class=\"hito-persona\">Johan Sebastian Martinez Ramirez<\/h2><p class=\"hito-contexto\">De 11 a\u00f1os empez\u00f3 en di\u00e1lisis en mayo del a\u00f1o pasado es de Monterrey Casanare y est\u00e1 en di\u00e1lisis peritoneal y la mam\u00e1 nos busca como fundaci\u00f3n para que la ayudemos con este caso ya empecemos hacerle seguimiento desde Monterrey y en Bogot\u00e1 donde lo ve su Nefrologo en el hospital de kennedy\u00a0en\u00a0Bogot\u00e1<\/p><img decoding=\"async\" src=\"https:\/\/fundacionlazosdefe.org\/wp-content\/uploads\/hitos-imagenes\/1DlYb1O8ilaI2oIpn99mUrLyvDSZefZvX.jpg\" alt=\"De 11 a\u00f1os empez\u00f3 en di\u00e1lisis en mayo del a\u00f1o pasado es de Monterrey Casanare y est\u00e1 en di\u00e1lisis peritoneal y la mam\u00e1 nos busca como fundaci\u00f3n para que la ayudemos con este caso ya empecemos hacerle seguimiento desde Monterrey y en Bogot\u00e1 donde lo ve su Nefrologo en el hospital de kennedy\u00a0en\u00a0Bogot\u00e1\" class=\"hito-img\" \/><\/div><\/div>\n<\/div><\/div>\n\n\n\n<div class=\"wp-block-cover is-light\" style=\"min-height:201px;aspect-ratio:unset;\"><img loading=\"lazy\" decoding=\"async\" width=\"2000\" height=\"581\" class=\"wp-block-cover__image-background wp-image-673\" alt=\"\" src=\"https:\/\/fundacionlazosdefe.org\/wp-content\/uploads\/2024\/11\/RMWRecurso-58.png\" data-object-fit=\"cover\" srcset=\"https:\/\/fundacionlazosdefe.org\/wp-content\/uploads\/2024\/11\/RMWRecurso-58.png 2000w, https:\/\/fundacionlazosdefe.org\/wp-content\/uploads\/2024\/11\/RMWRecurso-58-300x87.png 300w, https:\/\/fundacionlazosdefe.org\/wp-content\/uploads\/2024\/11\/RMWRecurso-58-1024x297.png 1024w, https:\/\/fundacionlazosdefe.org\/wp-content\/uploads\/2024\/11\/RMWRecurso-58-768x223.png 768w, https:\/\/fundacionlazosdefe.org\/wp-content\/uploads\/2024\/11\/RMWRecurso-58-1536x446.png 1536w\" sizes=\"auto, (max-width: 2000px) 100vw, 2000px\" \/><span aria-hidden=\"true\" class=\"wp-block-cover__background has-white-background-color has-background-dim\"><\/span><div class=\"wp-block-cover__inner-container is-layout-constrained wp-block-cover-is-layout-constrained\">\n<section id=\"quien-ayudar\" class=\"historias-ayuda-seccion\">\n  <div class=\"historias-ayuda-contenedor\">\n    <div class=\"historias-ayuda-contenido\">\n      <h2 class=\"historias-ayuda-titulo\">Conoce a Qui\u00e9n Puedes Ayudar<\/h2>\n      \n      <div class=\"historias-ayuda-texto\">\n        <p class=\"historias-ayuda-parrafo\">\n          En esta secci\u00f3n, te presentamos las historias de personas que actualmente necesitan tu ayuda. Tu apoyo puede marcar una gran diferencia en sus vidas.\n        <\/p>\n      <\/div>\n    <\/div>\n  <\/div>\n<\/section>\n\n\n<div class=\"hitos-container\"><div class=\"hito-item\"><h2 class=\"hito-persona\">Lorena Esquivel<\/h2><p class=\"hito-contexto\">Tambi\u00e9n desde Purificaci\u00f3n, Tolima, Lorena enfrenta la misma lucha. Su embarazo estuvo marcado por una preeclampsia severa, y desde entonces su salud se ha deteriorado. Vive en Purificaci\u00f3n, Tolima, sin acceso a controles m\u00e9dicos adecuados y con una urgente necesidad de atenci\u00f3n especializada.<\/p><img decoding=\"async\" src=\"https:\/\/fundacionlazosdefe.org\/wp-content\/uploads\/hitos-imagenes\/1E4RO1glT7G9vAe6n3KZ09rsF6PMFjCgu.jpg\" alt=\"Tambi\u00e9n desde Purificaci\u00f3n, Tolima, Lorena enfrenta la misma lucha. Su embarazo estuvo marcado por una preeclampsia severa, y desde entonces su salud se ha deteriorado. Vive en Purificaci\u00f3n, Tolima, sin acceso a controles m\u00e9dicos adecuados y con una urgente necesidad de atenci\u00f3n especializada.\" class=\"hito-img\" \/><\/div><div class=\"hito-item\"><h2 class=\"hito-persona\">Erika Esquivel<\/h2><p class=\"hito-contexto\">A los 7 a\u00f1os, el lupus cambi\u00f3 su vida para siempre. Lleva 24 a\u00f1os en di\u00e1lisis, sufre de hipertensi\u00f3n y no puede caminar desde hace 9 a\u00f1os. Necesita seguimiento m\u00e9dico constante y orientaci\u00f3n para prevenir complicaciones y mantener su salud bajo control.<\/p><img decoding=\"async\" src=\"https:\/\/fundacionlazosdefe.org\/wp-content\/uploads\/hitos-imagenes\/1f2E2vsijir9Uthy4sXK88YsAqqdsu03B.jpg\" alt=\"A los 7 a\u00f1os, el lupus cambi\u00f3 su vida para siempre. Lleva 24 a\u00f1os en di\u00e1lisis, sufre de hipertensi\u00f3n y no puede caminar desde hace 9 a\u00f1os. Necesita seguimiento m\u00e9dico constante y orientaci\u00f3n para prevenir complicaciones y mantener su salud bajo control.\" class=\"hito-img\" \/><\/div><div class=\"hito-item\"><h2 class=\"hito-persona\">Johan Sebastian Martinez Ramirez<\/h2><p class=\"hito-contexto\">De 11 a\u00f1os empez\u00f3 en di\u00e1lisis en mayo del a\u00f1o pasado es de Monterrey Casanare y est\u00e1 en di\u00e1lisis peritoneal y la mam\u00e1 nos busca como fundaci\u00f3n para que la ayudemos con este caso ya empecemos hacerle seguimiento desde Monterrey y en Bogot\u00e1 donde lo ve su Nefrologo en el hospital de kennedy\u00a0en\u00a0Bogot\u00e1<\/p><img decoding=\"async\" src=\"https:\/\/fundacionlazosdefe.org\/wp-content\/uploads\/hitos-imagenes\/1DlYb1O8ilaI2oIpn99mUrLyvDSZefZvX.jpg\" alt=\"De 11 a\u00f1os empez\u00f3 en di\u00e1lisis en mayo del a\u00f1o pasado es de Monterrey Casanare y est\u00e1 en di\u00e1lisis peritoneal y la mam\u00e1 nos busca como fundaci\u00f3n para que la ayudemos con este caso ya empecemos hacerle seguimiento desde Monterrey y en Bogot\u00e1 donde lo ve su Nefrologo en el hospital de kennedy\u00a0en\u00a0Bogot\u00e1\" class=\"hito-img\" \/><\/div><\/div>\n<\/div><\/div>\n","protected":false},"excerpt":{"rendered":"","protected":false},"author":1,"featured_media":0,"parent":0,"menu_order":0,"comment_status":"closed","ping_status":"closed","template":"","meta":{"give_campaign_id":0,"footnotes":""},"class_list":["post-126","page","type-page","status-publish","hentry","no-thumb"],"campaignId":"","_links":{"self":[{"href":"https:\/\/fundacionlazosdefe.org\/inicio\/wp-json\/wp\/v2\/pages\/126","targetHints":{"allow":["GET"]}}],"collection":[{"href":"https:\/\/fundacionlazosdefe.org\/inicio\/wp-json\/wp\/v2\/pages"}],"about":[{"href":"https:\/\/fundacionlazosdefe.org\/inicio\/wp-json\/wp\/v2\/types\/page"}],"author":[{"embeddable":true,"href":"https:\/\/fundacionlazosdefe.org\/inicio\/wp-json\/wp\/v2\/users\/1"}],"replies":[{"embeddable":true,"href":"https:\/\/fundacionlazosdefe.org\/inicio\/wp-json\/wp\/v2\/comments?post=126"}],"version-history":[{"count":49,"href":"https:\/\/fundacionlazosdefe.org\/inicio\/wp-json\/wp\/v2\/pages\/126\/revisions"}],"predecessor-version":[{"id":1281,"href":"https:\/\/fundacionlazosdefe.org\/inicio\/wp-json\/wp\/v2\/pages\/126\/revisions\/1281"}],"wp:attachment":[{"href":"https:\/\/fundacionlazosdefe.org\/inicio\/wp-json\/wp\/v2\/media?parent=126"}],"curies":[{"name":"wp","href":"https:\/\/api.w.org\/{rel}","templated":true}]}}