{"id":121,"date":"2024-07-15T19:13:45","date_gmt":"2024-07-16T00:13:45","guid":{"rendered":"https:\/\/fundacionlazosdefe.org\/?page_id=121"},"modified":"2025-05-08T20:51:17","modified_gmt":"2025-05-09T01:51:17","slug":"inicio","status":"publish","type":"page","link":"https:\/\/fundacionlazosdefe.org\/inicio\/","title":{"rendered":"Inicio"},"content":{"rendered":"<div class=\"n2-section-smartslider fitvidsignore  n2_clear\" data-ssid=\"5\" tabindex=\"0\" role=\"region\" aria-label=\"Slider\"><div id=\"n2-ss-5-align\" class=\"n2-ss-align\"><div class=\"n2-padding\"><div id=\"n2-ss-5\" data-creator=\"Smart Slider 3\" data-responsive=\"auto\" class=\"n2-ss-slider n2-ow n2-has-hover n2notransition  \">\n\n\n\n\n\n\n\n\n\n<div class=\"n2-ss-slider-wrapper-inside\">\n        <div class=\"n2-ss-slider-1 n2_ss__touch_element n2-ow\">\n            <div class=\"n2-ss-slider-2 n2-ow\">\n                                                    <div class=\"n2-ss-background-animation n2-ow\"><\/div>\n                                <div class=\"n2-ss-slider-3 n2-ow\">\n\n                    <div class=\"n2-ss-slide-backgrounds n2-ow-all\"><div class=\"n2-ss-slide-background\" data-public-id=\"1\" data-mode=\"fill\"><div class=\"n2-ss-slide-background-image\" data-blur=\"0\" data-opacity=\"100\" data-x=\"51\" data-y=\"28\" data-alt=\"\" data-title=\"\" style=\"--ss-o-pos-x:51%;--ss-o-pos-y:28%\"><picture class=\"skip-lazy\" data-skip-lazy=\"1\"><img decoding=\"async\" src=\"\/\/fundacionlazosdefe.org\/wp-content\/uploads\/2024\/11\/RMWRecurso-30.png\" alt=\"\" title=\"\" loading=\"lazy\" class=\"skip-lazy\" data-skip-lazy=\"1\"><\/picture><\/div><div data-color=\"RGBA(255,255,255,0)\" style=\"background-color: RGBA(255,255,255,0);\" class=\"n2-ss-slide-background-color\"><\/div><\/div><div class=\"n2-ss-slide-background\" data-public-id=\"2\" data-mode=\"fill\" aria-hidden=\"true\"><div class=\"n2-ss-slide-background-image\" data-blur=\"0\" data-opacity=\"100\" data-x=\"50\" data-y=\"50\" data-alt=\"\" data-title=\"\"><picture class=\"skip-lazy\" data-skip-lazy=\"1\"><img decoding=\"async\" src=\"\/\/fundacionlazosdefe.org\/wp-content\/uploads\/slider\/cache\/26751fd47426345ca2df91e27df53f9b\/RMWRecurso-52.png\" alt=\"\" title=\"\" loading=\"lazy\" class=\"skip-lazy\" data-skip-lazy=\"1\"><\/picture><\/div><div data-color=\"RGBA(255,255,255,0)\" style=\"background-color: RGBA(255,255,255,0);\" class=\"n2-ss-slide-background-color\"><\/div><\/div><\/div>                    <div class=\"n2-ss-slider-4 n2-ow\">\n                        <svg xmlns=\"http:\/\/www.w3.org\/2000\/svg\" viewBox=\"0 0 1200 600\" data-related-device=\"desktopPortrait\" class=\"n2-ow n2-ss-preserve-size n2-ss-preserve-size--slider n2-ss-slide-limiter\"><\/svg><div data-first=\"1\" data-slide-duration=\"0\" data-id=\"11\" data-slide-public-id=\"1\" data-title=\"Slide 1\" class=\"n2-ss-slide n2-ow  n2-ss-slide-11\"><div role=\"note\" class=\"n2-ss-slide--focus\" tabindex=\"-1\">Slide 1<\/div><div class=\"n2-ss-layers-container n2-ss-slide-limiter n2-ow\"><div class=\"n2-ss-layer n2-ow n-uc-pTGNZGisOVle\" data-sstype=\"slide\" data-pm=\"default\"><div class=\"n2-ss-layer n2-ow n-uc-CCpnoPgRnHac\" data-pm=\"default\" data-sstype=\"content\" data-hasbackground=\"0\"><div class=\"n2-ss-section-main-content n2-ss-layer-with-background n2-ss-layer-content n2-ow n-uc-CCpnoPgRnHac-inner\"><div class=\"n2-ss-layer n2-ow n2-ss-layer--block n2-ss-has-self-align n-uc-k2kWeHVwkLik\" data-pm=\"normal\" data-sstype=\"row\"><div class=\"n2-ss-layer-row n2-ss-layer-with-background n-uc-k2kWeHVwkLik-inner\"><div class=\"n2-ss-layer-row-inner \"><div class=\"n2-ss-layer n2-ow n-uc-50bECewussrS\" data-pm=\"default\" data-sstype=\"col\"><div class=\"n2-ss-layer-col n2-ss-layer-with-background n2-ss-layer-content n-uc-50bECewussrS-inner\"><div class=\"n2-ss-layer n2-ow n-uc-s9Dc1cSL0029\" data-pm=\"normal\" data-sstype=\"layer\"><h1 id=\"n2-ss-5item1\" class=\"n2-font-d8e7687f59c240974f6b5506702fd1e1-hover   n2-ss-item-content n2-ss-text n2-ow\" style=\"display:block;\">Historias de Valent\u00eda y Esperanza<\/h1><\/div><div class=\"n2-ss-layer n2-ow n-uc-1di63nS6YhMd\" data-pm=\"normal\" data-sstype=\"layer\"><div class=\"n2-ss-item-content n2-ss-text n2-ow-all\"><div class=\"\"><p class=\"n2-font-e643fe0dc4e9f4fbaeef09e29350f07e-paragraph   \">\u00cdnspirate con quienes han superado cada desaf\u00edo. \u00danete y se parte de este cambio.<\/p>\n<\/div><\/div><\/div><\/div><\/div><\/div><\/div><\/div><\/div><\/div><\/div><\/div><\/div><div data-slide-duration=\"0\" data-id=\"20\" data-slide-public-id=\"2\" aria-hidden=\"true\" data-title=\"RMWRecurso 52\" class=\"n2-ss-slide n2-ow  n2-ss-slide-20\"><div role=\"note\" class=\"n2-ss-slide--focus\" tabindex=\"-1\">RMWRecurso 52<\/div><div class=\"n2-ss-layers-container n2-ss-slide-limiter n2-ow\"><div class=\"n2-ss-layer n2-ow n-uc-QWVzuQ7u0HBA\" data-sstype=\"slide\" data-pm=\"default\"><div class=\"n2-ss-layer n2-ow n-uc-eG1I7n5XLk10\" data-pm=\"default\" data-sstype=\"content\" data-hasbackground=\"0\"><div class=\"n2-ss-section-main-content n2-ss-layer-with-background n2-ss-layer-content n2-ow n-uc-eG1I7n5XLk10-inner\"><div class=\"n2-ss-layer n2-ow n2-ss-layer--block n2-ss-has-self-align n-uc-1795c5be872d2\" data-pm=\"normal\" data-sstype=\"row\"><div class=\"n2-ss-layer-row n2-ss-layer-with-background n-uc-1795c5be872d2-inner\"><div class=\"n2-ss-layer-row-inner \"><div class=\"n2-ss-layer n2-ow n-uc-1c5d5773e2333\" data-pm=\"default\" data-sstype=\"col\"><div class=\"n2-ss-layer-col n2-ss-layer-with-background n2-ss-layer-content n-uc-1c5d5773e2333-inner\"><div class=\"n2-ss-layer n2-ow n-uc-1d638b77456e4\" data-pm=\"normal\" data-sstype=\"layer\"><h1 id=\"n2-ss-5item3\" class=\"n2-font-d8e7687f59c240974f6b5506702fd1e1-hover   n2-ss-item-content n2-ss-text n2-ow\" style=\"display:block;\">Ayuda hoy a cambiar una vida<\/h1><\/div><div class=\"n2-ss-layer n2-ow n-uc-1af8bbba0eb6e\" data-pm=\"normal\" data-sstype=\"layer\"><div class=\"n2-ss-item-content n2-ss-text n2-ow-all\"><div class=\"\"><p class=\"n2-font-e643fe0dc4e9f4fbaeef09e29350f07e-paragraph   \">Con tu apoyo, construimos un futuro mejor \u00a1Haz la diferencia hoy!<\/p>\n<\/div><\/div><\/div><\/div><\/div><\/div><\/div><\/div><\/div><\/div><\/div><\/div><\/div>                    <\/div>\n\n                                    <\/div>\n            <\/div>\n        <\/div>\n        <div class=\"n2-ss-slider-controls n2-ss-slider-controls-absolute-left-center\"><div style=\"--widget-offset:10px;\" class=\"n2-ss-widget n2-ss-widget-display-hover n2-style-c65dc3560c7973fb135fd2d39eb80ee4-heading nextend-arrow n2-ow-all nextend-arrow-previous  nextend-arrow-animated-fade\" data-hide-mobileportrait=\"1\" id=\"n2-ss-5-arrow-previous\" role=\"button\" aria-label=\"previous arrow\" tabindex=\"0\"><img loading=\"lazy\" decoding=\"async\" width=\"32\" height=\"32\" class=\"n2-arrow-normal-img skip-lazy\" data-skip-lazy=\"1\" src=\"data:image\/svg+xml;base64,PHN2ZyB3aWR0aD0iMzIiIGhlaWdodD0iMzIiIHZpZXdCb3g9IjAgMCAzMiAzMiIgeG1sbnM9Imh0dHA6Ly93d3cudzMub3JnLzIwMDAvc3ZnIj4KICAgIDxwYXRoIGQ9Ik0yMS41OCAyMy41OGwtNy45NjItNy41ODMgNy44Ni03LjQ4NWMuMzItLjI2Mi41MjItLjY1LjUyMi0xLjA4M0MyMiA2LjY0IDIxLjMyOCA2IDIwLjUgNmMtLjQwMyAwLS43NjguMTUtMS4wMzguMzk4bC0uMDA0LS4wMDQtOSA4LjU3di4wMDJjLS4yODIuMjYtLjQ1OC42MjQtLjQ1OCAxLjAyOFYxNmMwIC40MDQuMTc2Ljc3LjQ2IDEuMDNoLS4wMDJsOSA4LjU3Yy4yNy4yNDcuNjM4LjQgMS4wNDIuNC44MyAwIDEuNS0uNjQgMS41LTEuNDMgMC0uMzg0LS4xNi0uNzMzLS40Mi0uOTl6IgogICAgICAgICAgZmlsbD0iIzBiNzNhOCIgb3BhY2l0eT0iMSIgZmlsbC1ydWxlPSJldmVub2RkIi8+Cjwvc3ZnPg==\" alt=\"previous arrow\"><img loading=\"lazy\" decoding=\"async\" width=\"32\" height=\"32\" class=\"n2-arrow-hover-img skip-lazy\" data-skip-lazy=\"1\" src=\"data:image\/svg+xml;base64,PHN2ZyB3aWR0aD0iMzIiIGhlaWdodD0iMzIiIHZpZXdCb3g9IjAgMCAzMiAzMiIgeG1sbnM9Imh0dHA6Ly93d3cudzMub3JnLzIwMDAvc3ZnIj4KICAgIDxwYXRoIGQ9Ik0yMS41OCAyMy41OGwtNy45NjItNy41ODMgNy44Ni03LjQ4NWMuMzItLjI2Mi41MjItLjY1LjUyMi0xLjA4M0MyMiA2LjY0IDIxLjMyOCA2IDIwLjUgNmMtLjQwMyAwLS43NjguMTUtMS4wMzguMzk4bC0uMDA0LS4wMDQtOSA4LjU3di4wMDJjLS4yODIuMjYtLjQ1OC42MjQtLjQ1OCAxLjAyOFYxNmMwIC40MDQuMTc2Ljc3LjQ2IDEuMDNoLS4wMDJsOSA4LjU3Yy4yNy4yNDcuNjM4LjQgMS4wNDIuNC44MyAwIDEuNS0uNjQgMS41LTEuNDMgMC0uMzg0LS4xNi0uNzMzLS40Mi0uOTl6IgogICAgICAgICAgZmlsbD0iI2ZmZmZmZiIgb3BhY2l0eT0iMSIgZmlsbC1ydWxlPSJldmVub2RkIi8+Cjwvc3ZnPg==\" alt=\"previous arrow\"><\/div><\/div><div class=\"n2-ss-slider-controls n2-ss-slider-controls-absolute-right-center\"><div style=\"--widget-offset:10px;\" class=\"n2-ss-widget n2-ss-widget-display-hover n2-style-c65dc3560c7973fb135fd2d39eb80ee4-heading nextend-arrow n2-ow-all nextend-arrow-next  nextend-arrow-animated-fade\" data-hide-mobileportrait=\"1\" id=\"n2-ss-5-arrow-next\" role=\"button\" aria-label=\"next arrow\" tabindex=\"0\"><img loading=\"lazy\" decoding=\"async\" width=\"32\" height=\"32\" class=\"n2-arrow-normal-img skip-lazy\" data-skip-lazy=\"1\" src=\"data:image\/svg+xml;base64,PHN2ZyB3aWR0aD0iMzIiIGhlaWdodD0iMzIiIHZpZXdCb3g9IjAgMCAzMiAzMiIgeG1sbnM9Imh0dHA6Ly93d3cudzMub3JnLzIwMDAvc3ZnIj4KICAgIDxwYXRoIGQ9Ik0yMiAxNS45OTd2LS4wMDNjMC0uNDA0LS4xNzYtLjc2OC0uNDYtMS4wMjhoLjAwMmwtOS04LjU3Mi0uMDA0LjAwNEMxMi4yNjggNi4xNSAxMS45MDIgNiAxMS41IDZjLS44MyAwLTEuNS42NC0xLjUgMS40MyAwIC40MzIuMjAzLjgyLjUyMyAxLjA4Mmw3Ljg2IDcuNDg1LTcuOTYzIDcuNTgzYy0uMjYuMjU3LS40Mi42MDYtLjQyLjk5IDAgLjc5LjY3IDEuNDMgMS41IDEuNDMuNDA0IDAgLjc3LS4xNTMgMS4wNC0uNGw5LjAwMi04LjU3di0uMDAyYy4yODItLjI2LjQ1OC0uNjI0LjQ1OC0xLjAyOHYtLjAwM3oiCiAgICAgICAgICBmaWxsPSIjMGI3M2E4IiBvcGFjaXR5PSIxIiBmaWxsLXJ1bGU9ImV2ZW5vZGQiLz4KPC9zdmc+\" alt=\"next arrow\"><img loading=\"lazy\" decoding=\"async\" width=\"32\" height=\"32\" class=\"n2-arrow-hover-img skip-lazy\" data-skip-lazy=\"1\" src=\"data:image\/svg+xml;base64,PHN2ZyB3aWR0aD0iMzIiIGhlaWdodD0iMzIiIHZpZXdCb3g9IjAgMCAzMiAzMiIgeG1sbnM9Imh0dHA6Ly93d3cudzMub3JnLzIwMDAvc3ZnIj4KICAgIDxwYXRoIGQ9Ik0yMiAxNS45OTd2LS4wMDNjMC0uNDA0LS4xNzYtLjc2OC0uNDYtMS4wMjhoLjAwMmwtOS04LjU3Mi0uMDA0LjAwNEMxMi4yNjggNi4xNSAxMS45MDIgNiAxMS41IDZjLS44MyAwLTEuNS42NC0xLjUgMS40MyAwIC40MzIuMjAzLjgyLjUyMyAxLjA4Mmw3Ljg2IDcuNDg1LTcuOTYzIDcuNTgzYy0uMjYuMjU3LS40Mi42MDYtLjQyLjk5IDAgLjc5LjY3IDEuNDMgMS41IDEuNDMuNDA0IDAgLjc3LS4xNTMgMS4wNC0uNGw5LjAwMi04LjU3di0uMDAyYy4yODItLjI2LjQ1OC0uNjI0LjQ1OC0xLjAyOHYtLjAwM3oiCiAgICAgICAgICBmaWxsPSIjZmZmZmZmIiBvcGFjaXR5PSIxIiBmaWxsLXJ1bGU9ImV2ZW5vZGQiLz4KPC9zdmc+\" alt=\"next arrow\"><\/div><\/div><div class=\"n2-ss-slider-controls n2-ss-slider-controls-absolute-center-bottom\"><div style=\"--widget-offset:10px;\" class=\"n2-ss-widget n2-ss-control-bullet n2-ow-all n2-ss-control-bullet-horizontal\"><div class=\"n2-style-540018aaa523dc91fd73a2d36259dba5-simple  nextend-bullet-bar n2-bar-justify-content-center\" role=\"group\" aria-label=\"Selecciona el slide para mostrar.\"><div class=\"n2-bullet n2-style-13db8e01048e160765b65c9fb1f05ec6-dot \" style=\"visibility:hidden;\"><\/div><\/div><\/div><\/div><\/div><\/div><ss3-loader><\/ss3-loader><\/div><\/div><div class=\"n2_clear\"><\/div><\/div>\n\n\n<div class=\"wp-block-cover is-light\" style=\"min-height:196px;aspect-ratio:unset;\"><span aria-hidden=\"true\" class=\"wp-block-cover__background has-background-dim-0 has-background-dim\" style=\"background-color:#6ccfc4\"><\/span><div class=\"wp-block-cover__inner-container is-layout-flow wp-block-cover-is-layout-flow\">\n<meta name=\"viewport\" content=\"width=device-width, initial-scale=1.0\">\n<section class=\"inicio-portada-seccion\">\n  <div class=\"inicio-portada-contenedor\">\n    <div class=\"inicio-portada-columna-izquierda\">\n      <h2 class=\"inicio-portada-titulo-seccion\">\u00bfQu\u00e9 hacemos?<\/h2>\n      <p class=\"inicio-portada-texto-explicativo\">\n        En Fundaci\u00f3n Lazos de Fe trabajamos para mejorar la calidad de vida de los pacientes con insuficiencia renal y sus familias.\n        Nos dedicamos a brindar apoyo emocional, capacitaci\u00f3n y orientaci\u00f3n, impulsando soluciones integrales que fortalezcan su bienestar y esperanza.\n      <\/p>\n    <\/div>\n    <div class=\"inicio-portada-columna-derecha\">\n      <div class=\"inicio-portada-bloque\">\n        <h3 class=\"inicio-portada-titulo-bloque\">Misi\u00f3n<\/h3>\n        <p class=\"inicio-portada-texto-bloque\">\n          Apoyar a personas con insuficiencia renal y a sus seres queridos, siendo una gu\u00eda en su proceso de cuidado, prevenci\u00f3n y fortalecimiento. \n          Creemos que juntos podemos hacer este camino m\u00e1s llevadero, unificando esfuerzos y creando lazos de solidaridad.\n        <\/p>\n      <\/div>\n      <div class=\"inicio-portada-bloque\">\n        <h3 class=\"inicio-portada-titulo-bloque\">Visi\u00f3n<\/h3>\n        <p class=\"inicio-portada-texto-bloque\">\n          Convertirnos en l\u00edderes en el pa\u00eds, para el 2030, en la concientizaci\u00f3n y educaci\u00f3n sobre los desaf\u00edos renales. \n          A trav\u00e9s de un equipo multidisciplinario, buscamos promover conocimiento y estrategias para mejorar la calidad de vida de quienes nos necesitan.\n        <\/p>\n      <\/div>\n    <\/div>\n  <\/div>\n<\/section>\n<\/div><\/div>\n\n\n\n<div class=\"wp-block-cover\" style=\"min-height:194px;aspect-ratio:unset;\"><span aria-hidden=\"true\" class=\"wp-block-cover__background has-background-dim-100 has-background-dim\" style=\"background-color:#414b74\"><\/span><div class=\"wp-block-cover__inner-container is-layout-flow wp-block-cover-is-layout-flow\">\n<section class=\"inicio-funciones-seccion\">\n  <div class=\"inicio-funciones-contenedor\">\n    <!-- Bloque 1 - Aprende -->\n    <div class=\"inicio-funciones-bloque bloque-aprende\">\n      <img decoding=\"async\" src=\"https:\/\/fundacionlazosdefe.org\/wp-content\/uploads\/2024\/11\/RMWRecurso-36.png\" alt=\"Icono Aprende\" class=\"inicio-funciones-icono\">\n      <h2 class=\"inicio-funciones-titulo\">Aprende<\/h2>\n      <p class=\"inicio-funciones-descripcion\">\n        Explora recursos de prevenci\u00f3n renal, bienestar y apoyo. Encuentra herramientas clave para pacientes y familiares que buscan fortalecer su cuidado y salud.\n      <\/p>\n      <a href=\"https:\/\/fundacionlazosdefe.org\/aprendizaje\/\" class=\"inicio-funciones-enlace\">Conoce m\u00e1s aqu\u00ed<\/a>\n    <\/div>\n    \n    <!-- Bloque 2 - Experiencia -->\n    <div class=\"inicio-funciones-bloque bloque-experiencia\">\n      <img decoding=\"async\" src=\"https:\/\/fundacionlazosdefe.org\/wp-content\/uploads\/2024\/11\/RMWRecurso-37.png\" alt=\"Icono Experiencia\" class=\"inicio-funciones-icono\">\n      <h2 class=\"inicio-funciones-titulo\">Cu\u00e9ntanos tu experiencia<\/h2>\n      <p class=\"inicio-funciones-descripcion\">\n        Tu experiencia puede inspirar a otros. Cu\u00e9ntanos tu camino y ayuda a quienes enfrentan el mismo reto a encontrar esperanza y fuerza en cada paso.\n      <\/p>\n      <a href=\"https:\/\/fundacionlazosdefe.org\/comunicaciones\/\" class=\"inicio-funciones-enlace\">Conoce m\u00e1s aqu\u00ed<\/a>\n    <\/div>\n    \n    <!-- Bloque 3 - Testimonios -->\n    <div class=\"inicio-funciones-bloque bloque-testimonios\">\n      <img decoding=\"async\" src=\"https:\/\/fundacionlazosdefe.org\/wp-content\/uploads\/2024\/11\/RMWRecurso-38.png\" alt=\"Icono Testimonios\" class=\"inicio-funciones-icono\">\n      <h2 class=\"inicio-funciones-titulo\">Testimonios de Vida<\/h2>\n      <p class=\"inicio-funciones-descripcion\">\n        Historias de quienes superan el desaf\u00edo d\u00eda a d\u00eda. Descubre c\u00f3mo el apoyo y la resiliencia han marcado la vida de quienes han confiado en nuestra fundaci\u00f3n.\n      <\/p>\n      <a href=\"https:\/\/fundacionlazosdefe.org\/historias\/\" class=\"inicio-funciones-enlace\">Conoce m\u00e1s aqu\u00ed<\/a>\n    <\/div>\n  <\/div>\n<\/section>\n<\/div><\/div>\n\n\n\n<div class=\"wp-block-group\"><div class=\"wp-block-group__inner-container is-layout-constrained wp-block-group-is-layout-constrained\">\n<div class=\"wp-block-cover is-light\" style=\"min-height:274px;aspect-ratio:unset;\"><img loading=\"lazy\" decoding=\"async\" width=\"2000\" height=\"534\" class=\"wp-block-cover__image-background wp-image-686\" alt=\"\" src=\"https:\/\/fundacionlazosdefe.org\/wp-content\/uploads\/2024\/11\/RMWRecurso-45.png\" style=\"object-position:55% 58%\" data-object-fit=\"cover\" data-object-position=\"55% 58%\" srcset=\"https:\/\/fundacionlazosdefe.org\/wp-content\/uploads\/2024\/11\/RMWRecurso-45.png 2000w, https:\/\/fundacionlazosdefe.org\/wp-content\/uploads\/2024\/11\/RMWRecurso-45-300x80.png 300w, https:\/\/fundacionlazosdefe.org\/wp-content\/uploads\/2024\/11\/RMWRecurso-45-1024x273.png 1024w, https:\/\/fundacionlazosdefe.org\/wp-content\/uploads\/2024\/11\/RMWRecurso-45-768x205.png 768w, https:\/\/fundacionlazosdefe.org\/wp-content\/uploads\/2024\/11\/RMWRecurso-45-1536x410.png 1536w\" sizes=\"auto, (max-width: 2000px) 100vw, 2000px\" \/><span aria-hidden=\"true\" class=\"wp-block-cover__background has-background-dim\" style=\"background-color:#08c3e0\"><\/span><div class=\"wp-block-cover__inner-container is-layout-constrained wp-block-cover-is-layout-constrained\">\n<section class=\"inicio-donaciones-seccion\">\n  <div class=\"inicio-donaciones-contenedor\">\n    <div class=\"inicio-donaciones-grid\">\n      <div class=\"inicio-donaciones-texto\">\n        <h2 class=\"inicio-donaciones-titulo\">Accede al portal de donaciones de la fundaci\u00f3n<\/h2>\n        <p class=\"inicio-donaciones-parrafo\">\n          Cada aporte cuenta para cambiar una vida. Ayuda a nuestros pacientes renales a recibir el apoyo y cuidado que necesitan. Juntos, estamos construyendo un camino de esperanza y bienestar, \u00a1Gracias por ser parte de esta misi\u00f3n!\n        <\/p>\n      <\/div>\n      \n      <div class=\"inicio-donaciones-boton-container\">\n        <a href=\"https:\/\/fundacionlazosdefe.org\/donacion\/\" class=\"inicio-donaciones-boton\">Donar ahora<\/a>\n      <\/div>\n    <\/div>\n  <\/div>\n<\/section>\n<\/div><\/div>\n<\/div><\/div>\n\n\n\n<div class=\"wp-block-cover alignfull is-light\" style=\"min-height:199px;aspect-ratio:unset;\"><span aria-hidden=\"true\" class=\"wp-block-cover__background has-background-dim-100 has-background-dim\" style=\"background-color:#c9cad3\"><\/span><div class=\"wp-block-cover__inner-container is-layout-flow wp-block-cover-is-layout-flow\">\n<section id=\"encuentranos\" class=\"inicio-encuentranos-seccion\">\n  <div class=\"inicio-encuentranos-contenedor\">\n    <div class=\"inicio-encuentranos-grid\">\n      <!-- Columna izquierda - Mapa -->\n      <div class=\"inicio-encuentranos-mapa\">\n        <iframe src=\"https:\/\/www.google.com\/maps\/embed?pb=!1m14!1m8!1m3!1d1990.3874283377604!2d-74.9309003!3d3.8584292!3m2!1i1024!2i768!4f13.1!3m3!1m2!1s0x8e3eb5019d7fc0d3%3A0x2170792326b973f0!2sFundaci%C3%B3n%20Lazos%20de%20Fe!5e0!3m2!1ses-419!2sco!4v1721253766328!5m2!1ses-419!2sco\" width=\"310\" height=\"350\" style=\"border:0;\" allowfullscreen=\"\" loading=\"lazy\" referrerpolicy=\"no-referrer-when-downgrade\"><\/iframe>\n      <\/div>\n      \n      <!-- Columna derecha - Contenido -->\n      <div class=\"inicio-encuentranos-contenido\">\n        <h2 class=\"inicio-encuentranos-titulo\">Encu\u00e9ntranos<\/h2>\n        \n        <p class=\"inicio-encuentranos-texto\">\n          Nos encontramos en el coraz\u00f3n de Purificaci\u00f3n, un espacio de puertas abiertas para todos los que necesiten nuestro apoyo. Vis\u00edtanos, comun\u00edcate o s\u00edguenos en redes sociales para mantenerte al tanto de nuestras actividades y formas de apoyo.\n        <\/p>\n        \n        <h3 class=\"inicio-encuentranos-subtitulo\">Cont\u00e1ctanos<\/h3>\n<ul class=\"inicio-encuentranos-lista\">\n  <li class=\"inicio-encuentranos-item\">\n    <span class=\"inicio-encuentranos-icono\">\ud83d\udcde<\/span>\n    <a href=\"tel:573202469105\" class=\"inicio-encuentranos-info inicio-encuentranos-telefono\"> 320-246-9105<\/a>\n  <\/li>\n<\/ul>\n          \n          <div class=\"inicio-encuentranos-redes\">\n            <h4 class=\"inicio-encuentranos-redes-titulo\">Nuestras redes<\/h4>\n            <div class=\"inicio-encuentranos-redes-iconos\">\n              <a href=\"https:\/\/web.facebook.com\/profile.php?id=61575254706829\" class=\"inicio-encuentranos-red-social\" target=\"_blank\" rel=\"noopener\">\n                <img decoding=\"async\" src=\"https:\/\/fundacionlazosdefe.org\/wp-content\/uploads\/2025\/04\/facebook.png\" alt=\"Facebook\" class=\"inicio-encuentranos-red-icono\">\n              <\/a>\n              <a href=\"https:\/\/www.instagram.com\/fundacionlazosdefe_\/\" class=\"inicio-encuentranos-red-social\" target=\"_blank\" rel=\"noopener\">\n                <img decoding=\"async\" src=\"https:\/\/fundacionlazosdefe.org\/wp-content\/uploads\/2025\/04\/instagram.png\" alt=\"Instagram\" class=\"inicio-encuentranos-red-icono\">\n              <\/a>\n              <a href=\"https:\/\/wa.me\/573202469105?text=Hola%2C%20quiero%20comunicarme%20con%20la%20Fundaci%C3%B3n%20Lazos%20de%20F%C3%A9.%20Tengo%20una%20consulta.\" class=\"inicio-encuentranos-red-social\" target=\"_blank\" rel=\"noopener\">\n                <img decoding=\"async\" src=\"https:\/\/fundacionlazosdefe.org\/wp-content\/uploads\/2025\/04\/whatsapp.png\" alt=\"WhatsApp\" class=\"inicio-encuentranos-red-icono\">\n              <\/a>\n            <\/div>\n          <\/div>\n        <\/div>\n      <\/div>\n    <\/div>\n  <\/div>\n<\/section>\n<\/div><\/div>\n","protected":false},"excerpt":{"rendered":"","protected":false},"author":1,"featured_media":0,"parent":0,"menu_order":0,"comment_status":"closed","ping_status":"closed","template":"","meta":{"give_campaign_id":0,"footnotes":""},"class_list":["post-121","page","type-page","status-publish","hentry","no-thumb"],"campaignId":"","_links":{"self":[{"href":"https:\/\/fundacionlazosdefe.org\/inicio\/wp-json\/wp\/v2\/pages\/121","targetHints":{"allow":["GET"]}}],"collection":[{"href":"https:\/\/fundacionlazosdefe.org\/inicio\/wp-json\/wp\/v2\/pages"}],"about":[{"href":"https:\/\/fundacionlazosdefe.org\/inicio\/wp-json\/wp\/v2\/types\/page"}],"author":[{"embeddable":true,"href":"https:\/\/fundacionlazosdefe.org\/inicio\/wp-json\/wp\/v2\/users\/1"}],"replies":[{"embeddable":true,"href":"https:\/\/fundacionlazosdefe.org\/inicio\/wp-json\/wp\/v2\/comments?post=121"}],"version-history":[{"count":113,"href":"https:\/\/fundacionlazosdefe.org\/inicio\/wp-json\/wp\/v2\/pages\/121\/revisions"}],"predecessor-version":[{"id":1320,"href":"https:\/\/fundacionlazosdefe.org\/inicio\/wp-json\/wp\/v2\/pages\/121\/revisions\/1320"}],"wp:attachment":[{"href":"https:\/\/fundacionlazosdefe.org\/inicio\/wp-json\/wp\/v2\/media?parent=121"}],"curies":[{"name":"wp","href":"https:\/\/api.w.org\/{rel}","templated":true}]}}